{"id":13,"date":"2016-04-21T19:19:53","date_gmt":"2016-04-21T19:19:53","guid":{"rendered":"http:\/\/audio-ag.de\/?page_id=13"},"modified":"2018-05-21T12:13:05","modified_gmt":"2018-05-21T12:13:05","slug":"impressum","status":"publish","type":"page","link":"https:\/\/audio-ag.de\/?page_id=13","title":{"rendered":"Impressum"},"content":{"rendered":"<h4>audio-ag.de &#8211; Das Projektstudio<\/h4>\n<p>Andreas Gilles<br \/>\nKletterstra\u00dfe 33<br \/>\n59427 Unna<br \/>\nTelefon: +49 2303 333886<br \/>\nE-Mail: <a href=\"mailto:kontakt@audio-ag.de\">kontakt@audio-ag.de<\/a><\/p>\n<p>Im Falle von wettbewerbsrechtlichen oder \u00e4hnlichen Problemen bitten wir Sie, uns bereits im Vorfeld zur Vermeidung unn\u00f6tiger Rechtsstreite und Kosten zu kontaktieren. Die Kostennote einer anwaltlichen Abmahnung ohne vorhergehende Kontaktaufnahme wird im Sinne der Schadensminderungspflicht als unbegr\u00fcndet zur\u00fcckgewiesen.<\/p>\n","protected":false},"excerpt":{"rendered":"<p>audio-ag.de &#8211; Das Projektstudio Andreas Gilles Kletterstra\u00dfe 33 59427 Unna Telefon: +49 2303 333886 E-Mail: kontakt@audio-ag.de Im Falle von wettbewerbsrechtlichen oder \u00e4hnlichen Problemen bitten wir Sie, uns bereits im Vorfeld zur Vermeidung unn\u00f6tiger Rechtsstreite und Kosten zu kontaktieren. Die Kostennote einer anwaltlichen Abmahnung ohne vorhergehende Kontaktaufnahme wird im Sinne der Schadensminderungspflicht als unbegr\u00fcndet zur\u00fcckgewiesen.<\/p>\n","protected":false},"author":1,"featured_media":0,"parent":0,"menu_order":0,"comment_status":"closed","ping_status":"closed","template":"","meta":{"footnotes":""},"_links":{"self":[{"href":"https:\/\/audio-ag.de\/index.php?rest_route=\/wp\/v2\/pages\/13"}],"collection":[{"href":"https:\/\/audio-ag.de\/index.php?rest_route=\/wp\/v2\/pages"}],"about":[{"href":"https:\/\/audio-ag.de\/index.php?rest_route=\/wp\/v2\/types\/page"}],"author":[{"embeddable":true,"href":"https:\/\/audio-ag.de\/index.php?rest_route=\/wp\/v2\/users\/1"}],"replies":[{"embeddable":true,"href":"https:\/\/audio-ag.de\/index.php?rest_route=%2Fwp%2Fv2%2Fcomments&post=13"}],"version-history":[{"count":3,"href":"https:\/\/audio-ag.de\/index.php?rest_route=\/wp\/v2\/pages\/13\/revisions"}],"predecessor-version":[{"id":66,"href":"https:\/\/audio-ag.de\/index.php?rest_route=\/wp\/v2\/pages\/13\/revisions\/66"}],"wp:attachment":[{"href":"https:\/\/audio-ag.de\/index.php?rest_route=%2Fwp%2Fv2%2Fmedia&parent=13"}],"curies":[{"name":"wp","href":"https:\/\/api.w.org\/{rel}","templated":true}]}}